{"id":16928,"date":"2020-10-24T12:39:06","date_gmt":"2020-10-24T10:39:06","guid":{"rendered":"https:\/\/kopia.bawimisie.pl\/index.php\/produkt\/djeco-maly-zestaw-artyst-kredkimazakifarby-3\/"},"modified":"2020-10-24T12:39:06","modified_gmt":"2020-10-24T10:39:06","slug":"djeco-maly-zestaw-artyst-kredkimazakifarby-3","status":"publish","type":"product","link":"https:\/\/kopia.bawimisie.pl\/index.php\/produkt\/djeco-maly-zestaw-artyst-kredkimazakifarby-3\/","title":{"rendered":"DJECO Zestaw p\u0119dzelk\u00f3w dla maluch\u00f3w"},"content":{"rendered":"<p style=\"margin:1em 0px;padding:0px;border:0px;font-size:18px;background:rgba(255,255,255,.92);color:#111111;font-family:Atma;\">To urocze opakowanie\u00a0pedzelk\u00f3w\u00a0dla maluch\u00f3w zosta\u0142o specjalnie zaprojektowane przez Djeco z my\u015bl\u0105 o dzieciach\u00a0w wieku od \u00a03 do 6\u00a0lat.<\/p>\n<p style=\"margin:1em 0px;padding:0px;border:0px;font-size:18px;background:rgba(255,255,255,.92);color:#111111;font-family:Atma;\">Wiek: 3-6 lat<\/p>\n<p style=\"margin:1em 0px;padding:0px;border:0px;font-size:18px;background:rgba(255,255,255,.92);color:#111111;font-family:Atma;\">Wymiary opakowania:\u00a0 16 x 11 x 4 cm<\/p>\n","protected":false},"excerpt":{"rendered":"<p>To urocze opakowanie\u00a0pedzelk\u00f3w\u00a0dla maluch\u00f3w zosta\u0142o specjalnie zaprojektowane przez Djeco z my\u015bl\u0105 o dzieciach\u00a0w wieku od \u00a03 do 6\u00a0lat. Wiek: 3-6 lat Wymiary opakowania:\u00a0 16 x 11 x 4 cm<\/p>\n","protected":false},"featured_media":16919,"comment_status":"open","ping_status":"closed","template":"","meta":[],"product_cat":[18,26],"product_tag":[],"class_list":{"0":"post-16928","1":"product","2":"type-product","3":"status-publish","4":"has-post-thumbnail","6":"product_cat-zabawki","7":"product_cat-plastyczne","9":"first","10":"instock","11":"shipping-taxable","12":"purchasable","13":"product-type-simple"},"_links":{"self":[{"href":"https:\/\/kopia.bawimisie.pl\/index.php\/wp-json\/wp\/v2\/product\/16928","targetHints":{"allow":["GET"]}}],"collection":[{"href":"https:\/\/kopia.bawimisie.pl\/index.php\/wp-json\/wp\/v2\/product"}],"about":[{"href":"https:\/\/kopia.bawimisie.pl\/index.php\/wp-json\/wp\/v2\/types\/product"}],"replies":[{"embeddable":true,"href":"https:\/\/kopia.bawimisie.pl\/index.php\/wp-json\/wp\/v2\/comments?post=16928"}],"wp:featuredmedia":[{"embeddable":true,"href":"https:\/\/kopia.bawimisie.pl\/index.php\/wp-json\/wp\/v2\/media\/16919"}],"wp:attachment":[{"href":"https:\/\/kopia.bawimisie.pl\/index.php\/wp-json\/wp\/v2\/media?parent=16928"}],"wp:term":[{"taxonomy":"product_cat","embeddable":true,"href":"https:\/\/kopia.bawimisie.pl\/index.php\/wp-json\/wp\/v2\/product_cat?post=16928"},{"taxonomy":"product_tag","embeddable":true,"href":"https:\/\/kopia.bawimisie.pl\/index.php\/wp-json\/wp\/v2\/product_tag?post=16928"}],"curies":[{"name":"wp","href":"https:\/\/api.w.org\/{rel}","templated":true}]}}