{"id":17500,"date":"2021-04-07T16:23:43","date_gmt":"2021-04-07T14:23:43","guid":{"rendered":"https:\/\/kopia.bawimisie.pl\/index.php\/produkt\/meri-meri-wsuwki-do-wlosow-podwodny-swiat-7\/"},"modified":"2021-04-07T16:23:43","modified_gmt":"2021-04-07T14:23:43","slug":"meri-meri-wsuwki-do-wlosow-podwodny-swiat-7","status":"publish","type":"product","link":"https:\/\/kopia.bawimisie.pl\/index.php\/produkt\/meri-meri-wsuwki-do-wlosow-podwodny-swiat-7\/","title":{"rendered":"MERI MERI Zestaw balon\u00f3w z ozdobami niebieski"},"content":{"rendered":"<p style=\"padding:0px;margin:1.12em 0px;border:0px;font-size:13px;font-family:Arial;vertical-align:baseline;\">Zestaw balon\u00f3w z ozdobami. Zawiera: 8 balon\u00f3w, 4 serpentyny, 8 kartek z naklejkami oraz sznurek. \u015arednica balonu: 46 cm. D\u0142ugo\u015b\u0107 sznurka: 7,3 m. Wymiary opakowania: 5 x 13 x 13 cm.<\/p>\n<\/p>\n<p style=\"padding:0px;margin:1.12em 0px;border:0px;font-size:13px;font-family:Arial, Tahoma, Verdana, sans-serif;vertical-align:baseline;\"><\/p>\n","protected":false},"excerpt":{"rendered":"<p>Zestaw balon\u00f3w z ozdobami. Zawiera: 8 balon\u00f3w, 4 serpentyny, 8 kartek z naklejkami oraz sznurek. \u015arednica balonu: 46 cm. D\u0142ugo\u015b\u0107 sznurka: 7,3 m. Wymiary opakowania: 5 x 13 x 13 cm.<\/p>\n","protected":false},"featured_media":17493,"comment_status":"open","ping_status":"closed","template":"","meta":[],"product_cat":[45,18,22],"product_tag":[],"class_list":{"0":"post-17500","1":"product","2":"type-product","3":"status-publish","4":"has-post-thumbnail","6":"product_cat-party","7":"product_cat-zabawki","8":"product_cat-akcesoria","10":"first","11":"instock","12":"shipping-taxable","13":"purchasable","14":"product-type-simple"},"_links":{"self":[{"href":"https:\/\/kopia.bawimisie.pl\/index.php\/wp-json\/wp\/v2\/product\/17500","targetHints":{"allow":["GET"]}}],"collection":[{"href":"https:\/\/kopia.bawimisie.pl\/index.php\/wp-json\/wp\/v2\/product"}],"about":[{"href":"https:\/\/kopia.bawimisie.pl\/index.php\/wp-json\/wp\/v2\/types\/product"}],"replies":[{"embeddable":true,"href":"https:\/\/kopia.bawimisie.pl\/index.php\/wp-json\/wp\/v2\/comments?post=17500"}],"wp:featuredmedia":[{"embeddable":true,"href":"https:\/\/kopia.bawimisie.pl\/index.php\/wp-json\/wp\/v2\/media\/17493"}],"wp:attachment":[{"href":"https:\/\/kopia.bawimisie.pl\/index.php\/wp-json\/wp\/v2\/media?parent=17500"}],"wp:term":[{"taxonomy":"product_cat","embeddable":true,"href":"https:\/\/kopia.bawimisie.pl\/index.php\/wp-json\/wp\/v2\/product_cat?post=17500"},{"taxonomy":"product_tag","embeddable":true,"href":"https:\/\/kopia.bawimisie.pl\/index.php\/wp-json\/wp\/v2\/product_tag?post=17500"}],"curies":[{"name":"wp","href":"https:\/\/api.w.org\/{rel}","templated":true}]}}