{"id":20517,"date":"2022-03-21T12:57:42","date_gmt":"2022-03-21T11:57:42","guid":{"rendered":"https:\/\/kopia.bawimisie.pl\/index.php\/produkt\/djeco-zestaw-art-z-farbami-rodzina-liskow-dj09897-2\/"},"modified":"2022-03-21T12:57:42","modified_gmt":"2022-03-21T11:57:42","slug":"djeco-zestaw-art-z-farbami-rodzina-liskow-dj09897-2","status":"publish","type":"product","link":"https:\/\/kopia.bawimisie.pl\/index.php\/produkt\/djeco-zestaw-art-z-farbami-rodzina-liskow-dj09897-2\/","title":{"rendered":"DJECO Zestaw art. z farbami RODZINA LISK\u00d3W DJ09897"},"content":{"rendered":"<p><span style=\"color:#111111;font-family:Atma;font-size:18px;background-color:rgba(255,255,255,.92);\">Trzy du\u017ce postacie do pokolorowania i po\u0142\u0105czenia\u00a0 bezpiecznymi pineskami. Dziecko maluje p\u0119dzlem wszystkie elementy, wed\u0142ug za\u0142\u0105czonej instrukcji obrazkowej. Po wyschni\u0119ciu element\u00f3w, \u0142\u0105czy je pineskami, aby stworzy\u0107: tat\u0119 lisa (50 cm), mam\u0119 (40 cm) i dziecko (28 cm).<\/span><\/p>\n","protected":false},"excerpt":{"rendered":"<p>Trzy du\u017ce postacie do pokolorowania i po\u0142\u0105czenia\u00a0 bezpiecznymi pineskami. Dziecko maluje p\u0119dzlem wszystkie elementy, wed\u0142ug za\u0142\u0105czonej instrukcji obrazkowej. Po wyschni\u0119ciu element\u00f3w, \u0142\u0105czy je pineskami, aby stworzy\u0107: tat\u0119 lisa (50 cm), mam\u0119 (40 cm) i dziecko (28 cm).<\/p>\n","protected":false},"featured_media":20511,"comment_status":"open","ping_status":"closed","template":"","meta":[],"product_cat":[28,26],"product_tag":[],"class_list":{"0":"post-20517","1":"product","2":"type-product","3":"status-publish","4":"has-post-thumbnail","6":"product_cat-kreatywne","7":"product_cat-plastyczne","9":"first","10":"instock","11":"shipping-taxable","12":"purchasable","13":"product-type-simple"},"_links":{"self":[{"href":"https:\/\/kopia.bawimisie.pl\/index.php\/wp-json\/wp\/v2\/product\/20517","targetHints":{"allow":["GET"]}}],"collection":[{"href":"https:\/\/kopia.bawimisie.pl\/index.php\/wp-json\/wp\/v2\/product"}],"about":[{"href":"https:\/\/kopia.bawimisie.pl\/index.php\/wp-json\/wp\/v2\/types\/product"}],"replies":[{"embeddable":true,"href":"https:\/\/kopia.bawimisie.pl\/index.php\/wp-json\/wp\/v2\/comments?post=20517"}],"wp:featuredmedia":[{"embeddable":true,"href":"https:\/\/kopia.bawimisie.pl\/index.php\/wp-json\/wp\/v2\/media\/20511"}],"wp:attachment":[{"href":"https:\/\/kopia.bawimisie.pl\/index.php\/wp-json\/wp\/v2\/media?parent=20517"}],"wp:term":[{"taxonomy":"product_cat","embeddable":true,"href":"https:\/\/kopia.bawimisie.pl\/index.php\/wp-json\/wp\/v2\/product_cat?post=20517"},{"taxonomy":"product_tag","embeddable":true,"href":"https:\/\/kopia.bawimisie.pl\/index.php\/wp-json\/wp\/v2\/product_tag?post=20517"}],"curies":[{"name":"wp","href":"https:\/\/api.w.org\/{rel}","templated":true}]}}