{"id":20531,"date":"2022-03-21T13:18:59","date_gmt":"2022-03-21T12:18:59","guid":{"rendered":"https:\/\/kopia.bawimisie.pl\/index.php\/produkt\/djeco-tatuaze-neonowa-tecza-dj09617-3\/"},"modified":"2022-03-21T13:18:59","modified_gmt":"2022-03-21T12:18:59","slug":"djeco-tatuaze-neonowa-tecza-dj09617-3","status":"publish","type":"product","link":"https:\/\/kopia.bawimisie.pl\/index.php\/produkt\/djeco-tatuaze-neonowa-tecza-dj09617-3\/","title":{"rendered":"DJECO Tatua\u017ce neonowa T\u0118CZA DJ09617"},"content":{"rendered":"<p style=\"margin:1em 0px;padding:0px;border:0px;font-size:18px;background:rgba(255,255,255,.92);color:#111111;font-family:Atma;\">Dwa arkusze pe\u0142ne kolorowych tatua\u017cy. Wytnij wybrany tatua\u017c, delikatnie odklej ochronn\u0105 foli\u0119, przy\u0142\u00f3\u017c tatua\u017c do sk\u00f3ry i lekko zwil\u017c papierek. Przyci\u015bnij mocno papierek przez 30 sekund, potem delikatnie usu\u0144, a tatua\u017c pozostanie na sk\u00f3rze.<\/p><\/p>\n","protected":false},"excerpt":{"rendered":"<p>Dwa arkusze pe\u0142ne kolorowych tatua\u017cy. Wytnij wybrany tatua\u017c, delikatnie odklej ochronn\u0105 foli\u0119, przy\u0142\u00f3\u017c tatua\u017c do sk\u00f3ry i lekko zwil\u017c papierek. Przyci\u015bnij mocno papierek przez 30 sekund, potem delikatnie usu\u0144, a tatua\u017c pozostanie na sk\u00f3rze.<\/p>\n","protected":false},"featured_media":20521,"comment_status":"open","ping_status":"closed","template":"","meta":[],"product_cat":[28,32],"product_tag":[],"class_list":{"0":"post-20531","1":"product","2":"type-product","3":"status-publish","4":"has-post-thumbnail","6":"product_cat-kreatywne","7":"product_cat-odgrywanie-rol","9":"first","10":"instock","11":"shipping-taxable","12":"purchasable","13":"product-type-simple"},"_links":{"self":[{"href":"https:\/\/kopia.bawimisie.pl\/index.php\/wp-json\/wp\/v2\/product\/20531","targetHints":{"allow":["GET"]}}],"collection":[{"href":"https:\/\/kopia.bawimisie.pl\/index.php\/wp-json\/wp\/v2\/product"}],"about":[{"href":"https:\/\/kopia.bawimisie.pl\/index.php\/wp-json\/wp\/v2\/types\/product"}],"replies":[{"embeddable":true,"href":"https:\/\/kopia.bawimisie.pl\/index.php\/wp-json\/wp\/v2\/comments?post=20531"}],"wp:featuredmedia":[{"embeddable":true,"href":"https:\/\/kopia.bawimisie.pl\/index.php\/wp-json\/wp\/v2\/media\/20521"}],"wp:attachment":[{"href":"https:\/\/kopia.bawimisie.pl\/index.php\/wp-json\/wp\/v2\/media?parent=20531"}],"wp:term":[{"taxonomy":"product_cat","embeddable":true,"href":"https:\/\/kopia.bawimisie.pl\/index.php\/wp-json\/wp\/v2\/product_cat?post=20531"},{"taxonomy":"product_tag","embeddable":true,"href":"https:\/\/kopia.bawimisie.pl\/index.php\/wp-json\/wp\/v2\/product_tag?post=20531"}],"curies":[{"name":"wp","href":"https:\/\/api.w.org\/{rel}","templated":true}]}}