{"id":21125,"date":"2022-11-16T18:05:29","date_gmt":"2022-11-16T17:05:29","guid":{"rendered":"https:\/\/kopia.bawimisie.pl\/index.php\/produkt\/trixie-pan-lew-zawieszka-z-lusterkiem-2\/"},"modified":"2022-11-16T18:05:29","modified_gmt":"2022-11-16T17:05:29","slug":"trixie-pan-lew-zawieszka-z-lusterkiem-2","status":"publish","type":"product","link":"https:\/\/kopia.bawimisie.pl\/index.php\/produkt\/trixie-pan-lew-zawieszka-z-lusterkiem-2\/","title":{"rendered":"TRIXIE Pan Lew zawieszka z lusterkiem"},"content":{"rendered":"<pre id=\"tw-target-text\" dir=\"ltr\" style=\"font-family:'SFMono-Regular', Menlo, Monaco, Consolas, 'Liberation Mono', 'Courier New', monospace;margin-top:0px;margin-bottom:1rem;\"><span style=\"font-family:Arial, Helvetica, sans-serif;\">Zawieszka z lusterkiem na brzuszku to mi\u0119kka <br \/>i mi\u0142a w dotyku zabawka, kt\u00f3ra pobudza wyobra\u017anie <br \/>ka\u017cdego maluszka. Pozwala odkrywa\u0107 kolory, d\u017awi\u0119ki, <br \/>tekstury i przygl\u0105da\u0107 si\u0119 sobie w mini lusterku. \u00a0Kontrastowe <br \/>kolory stymuluj\u0105 zmys\u0142 wzrok, r\u00f3\u017cnego rodzaju tekstury materia\u0142\u00f3w <br \/>i wystaj\u0105ce elementy zmys\u0142 dotyku, a intryguj\u0105ca d\u017awi\u0119kiem <br \/>grzechotka zmys\u0142 s\u0142uchu. Mo\u017cna j\u0105 przymocowa\u0107 do \u0142\u00f3\u017ceczka, <br \/>noside\u0142ka, w\u00f3zka lub pa\u0142\u0105ka fotelika samochodowego.<br \/><br \/><span style=\"font-weight:bolder;\">Wymiary: 29 cm<br \/>Materia\u0142: prz\u00f3d zwierzaka: 100% bawe\u0142na, <br \/>ty\u0142 zwierzaka: sztruks, 100% poliester<br \/>Producent: Trixie<\/span><\/span><\/pre>\n","protected":false},"excerpt":{"rendered":"<p>Zawieszka z lusterkiem na brzuszku to mi\u0119kka i mi\u0142a w dotyku zabawka, kt\u00f3ra pobudza wyobra\u017anie ka\u017cdego maluszka. Pozwala odkrywa\u0107 kolory, d\u017awi\u0119ki, tekstury i przygl\u0105da\u0107 si\u0119 sobie w mini lusterku. \u00a0Kontrastowe kolory stymuluj\u0105 zmys\u0142 wzrok, r\u00f3\u017cnego rodzaju tekstury materia\u0142\u00f3w i wystaj\u0105ce elementy zmys\u0142 dotyku, a intryguj\u0105ca d\u017awi\u0119kiem grzechotka zmys\u0142 s\u0142uchu. Mo\u017cna j\u0105 przymocowa\u0107 do \u0142\u00f3\u017ceczka, noside\u0142ka, [&hellip;]<\/p>\n","protected":false},"featured_media":21120,"comment_status":"open","ping_status":"closed","template":"","meta":[],"product_cat":[33,38,37,18],"product_tag":[],"class_list":{"0":"post-21125","1":"product","2":"type-product","3":"status-publish","4":"has-post-thumbnail","6":"product_cat-dla-niemowlat","7":"product_cat-do-wozka-i-fotelika","8":"product_cat-przytulanki","9":"product_cat-zabawki","11":"first","12":"instock","13":"shipping-taxable","14":"purchasable","15":"product-type-simple"},"_links":{"self":[{"href":"https:\/\/kopia.bawimisie.pl\/index.php\/wp-json\/wp\/v2\/product\/21125","targetHints":{"allow":["GET"]}}],"collection":[{"href":"https:\/\/kopia.bawimisie.pl\/index.php\/wp-json\/wp\/v2\/product"}],"about":[{"href":"https:\/\/kopia.bawimisie.pl\/index.php\/wp-json\/wp\/v2\/types\/product"}],"replies":[{"embeddable":true,"href":"https:\/\/kopia.bawimisie.pl\/index.php\/wp-json\/wp\/v2\/comments?post=21125"}],"wp:featuredmedia":[{"embeddable":true,"href":"https:\/\/kopia.bawimisie.pl\/index.php\/wp-json\/wp\/v2\/media\/21120"}],"wp:attachment":[{"href":"https:\/\/kopia.bawimisie.pl\/index.php\/wp-json\/wp\/v2\/media?parent=21125"}],"wp:term":[{"taxonomy":"product_cat","embeddable":true,"href":"https:\/\/kopia.bawimisie.pl\/index.php\/wp-json\/wp\/v2\/product_cat?post=21125"},{"taxonomy":"product_tag","embeddable":true,"href":"https:\/\/kopia.bawimisie.pl\/index.php\/wp-json\/wp\/v2\/product_tag?post=21125"}],"curies":[{"name":"wp","href":"https:\/\/api.w.org\/{rel}","templated":true}]}}