{"id":21583,"date":"2023-01-09T17:41:46","date_gmt":"2023-01-09T16:41:46","guid":{"rendered":"https:\/\/kopia.bawimisie.pl\/index.php\/produkt\/djeco-drewniane-zwierzaki-manulane-ziptou-3\/"},"modified":"2023-01-09T17:41:46","modified_gmt":"2023-01-09T16:41:46","slug":"djeco-drewniane-zwierzaki-manulane-ziptou-3","status":"publish","type":"product","link":"https:\/\/kopia.bawimisie.pl\/index.php\/produkt\/djeco-drewniane-zwierzaki-manulane-ziptou-3\/","title":{"rendered":"DJECO Drewniane zwierzaki manulane"},"content":{"rendered":"<p><span style=\"color:#111111;font-family:Atma;font-size:18px;background-color:rgba(255,255,255,.92);\">Super oryginalna drewniana zabawka sk\u0142adaj\u0105ca si\u0119 z trzech ma\u0142ych postaci ubranych w\u00a0 kurtki.\u00a0 W zestawie mamy ma\u0142pk\u0119, sow\u0119 i lwa. Maluch b\u0119dzie si\u0119 dobrze bawi\u0107\u00a0 rozpinaj\u0105c i zapinaj\u0105c kurtki za pomoc\u0105 r\u00f3\u017cnych akcesori\u00f3w:\u00a0klips plastikowy, metalowa klamra lub sznureczki. Ta kolorowa gra edukacyjna nauczy dziecko manipulowania ma\u0142ymi przedmiotami i rozwinie umiej\u0119tno\u015bci motoryczne podczas zabawy.<\/span><br style=\"color:#111111;font-family:Atma;font-size:18px;background-color:rgba(255,255,255,.92);\" \/><span style=\"color:#111111;font-family:Atma;font-size:18px;background-color:rgba(255,255,255,.92);\">Wiek +3 lata<\/span><br style=\"color:#111111;font-family:Atma;font-size:18px;background-color:rgba(255,255,255,.92);\" \/><span style=\"color:#111111;font-family:Atma;font-size:18px;background-color:rgba(255,255,255,.92);\">Wymiary postaci: 18 x 11 cm<\/span><br style=\"color:#111111;font-family:Atma;font-size:18px;background-color:rgba(255,255,255,.92);\" \/><span style=\"color:#111111;font-family:Atma;font-size:18px;background-color:rgba(255,255,255,.92);\">Wymiary opakowania: 22,6 x 22,6 x 3 cm<\/span><\/p>\n","protected":false},"excerpt":{"rendered":"<p>Trzy ma\u0142e zwierzaczki do nauki zapinania guzik\u00f3w, suwaka i zatrzask\u00f3w.<\/p>\n","protected":false},"featured_media":21578,"comment_status":"open","ping_status":"closed","template":"","meta":[],"product_cat":[27,18],"product_tag":[],"class_list":{"0":"post-21583","1":"product","2":"type-product","3":"status-publish","4":"has-post-thumbnail","6":"product_cat-edukacyjne","7":"product_cat-zabawki","9":"first","10":"instock","11":"shipping-taxable","12":"purchasable","13":"product-type-simple"},"_links":{"self":[{"href":"https:\/\/kopia.bawimisie.pl\/index.php\/wp-json\/wp\/v2\/product\/21583","targetHints":{"allow":["GET"]}}],"collection":[{"href":"https:\/\/kopia.bawimisie.pl\/index.php\/wp-json\/wp\/v2\/product"}],"about":[{"href":"https:\/\/kopia.bawimisie.pl\/index.php\/wp-json\/wp\/v2\/types\/product"}],"replies":[{"embeddable":true,"href":"https:\/\/kopia.bawimisie.pl\/index.php\/wp-json\/wp\/v2\/comments?post=21583"}],"wp:featuredmedia":[{"embeddable":true,"href":"https:\/\/kopia.bawimisie.pl\/index.php\/wp-json\/wp\/v2\/media\/21578"}],"wp:attachment":[{"href":"https:\/\/kopia.bawimisie.pl\/index.php\/wp-json\/wp\/v2\/media?parent=21583"}],"wp:term":[{"taxonomy":"product_cat","embeddable":true,"href":"https:\/\/kopia.bawimisie.pl\/index.php\/wp-json\/wp\/v2\/product_cat?post=21583"},{"taxonomy":"product_tag","embeddable":true,"href":"https:\/\/kopia.bawimisie.pl\/index.php\/wp-json\/wp\/v2\/product_tag?post=21583"}],"curies":[{"name":"wp","href":"https:\/\/api.w.org\/{rel}","templated":true}]}}