{"id":21852,"date":"2023-02-24T14:47:25","date_gmt":"2023-02-24T13:47:25","guid":{"rendered":"https:\/\/kopia.bawimisie.pl\/index.php\/produkt\/magnetyczna-ukladanka-emocje-janod-2\/"},"modified":"2023-02-24T14:47:25","modified_gmt":"2023-02-24T13:47:25","slug":"magnetyczna-ukladanka-emocje-janod-2","status":"publish","type":"product","link":"https:\/\/kopia.bawimisie.pl\/index.php\/produkt\/magnetyczna-ukladanka-emocje-janod-2\/","title":{"rendered":"JANOD Magnetyczna uk\u0142adanka Emocje"},"content":{"rendered":"<p class=\"western\" align=\"justify\" style=\"margin:15px 0px 0cm;padding:0px;color:#333333;line-height:19.5px;font-family:'Open Sans', Arial, sans-serif;font-size:13px;\">Magnetyczna uk\u0142adanka Emocje francuskiej marki JANOD to doskona\u0142a zabawka, rozwijaj\u0105ca wra\u017cliwo\u015b\u0107 i wyobra\u017ani\u0119. W sk\u0142ad zestawu wchodzi 20 dwustronnych kartonowych plansz. Po jednej ich stronie zaprezentowane s\u0105 sytuacje, znane z codziennego \u017cycia, np. burza, wyrzucanie \u015bmieci, wyg\u0142upy z koleg\u0105 czy nieudana babka z piasku, po drugiej za\u015b jest pokazana twarz, obrazuj\u0105ca prze\u017cycia, kt\u00f3re tym sytuacjom towarzysz\u0105.\u00a0Ponadto w zestawie jest 27 drewnianych magnes\u00f3w: 10 dzieci\u0119cych buziek z minami, wyra\u017caj\u0105cymi emocje (np. p\u0142acz, \u0142zy \u015bmiechu, grymas niezadowolenia), 12 emotek i 5 cz\u0119\u015bci stroj\u00f3w, kt\u00f3re mo\u017cna dobra\u0107 do postaci, oraz magnetyczna tablica, na kt\u00f3rej mo\u017cna umieszcza\u0107\u00a0magnesy. Uk\u0142adanka ta b\u0119dzie s\u0142u\u017cy\u0107 dziecku przed bardzo d\u0142ugi czas i niepr\u0119dko si\u0119 znudzi. Jest doskona\u0142a do \u0107wiczenia empatii, nauki radzenia sobie z trudnymi do\u015bwiadczeniami, np. oswajania l\u0119k\u00f3w i rozwijania inteligencji emocjonalnej.<\/p>\n<p class=\"western\" align=\"justify\" style=\"margin:15px 0px 0cm;padding:0px;color:#333333;line-height:19.5px;font-family:'Open Sans', Arial, sans-serif;font-size:13px;\">Zabawka zosta\u0142a zaprojektowana we Francji. Prezentuje si\u0119 bardzo estetycznie i doskonale nadaje si\u0119 na prezent.<\/p>\n<p class=\"western\" align=\"justify\" style=\"margin:15px 0px 0cm;padding:0px;color:#333333;line-height:19.5px;font-family:'Open Sans', Arial, sans-serif;font-size:13px;\">\u00a0<\/p>\n<p class=\"western\" align=\"justify\" style=\"margin:15px 0px 0cm;padding:0px;color:#333333;line-height:19.5px;font-family:'Open Sans', Arial, sans-serif;font-size:13px;\">Zabawki magnetyczne JANOD to inspiruj\u0105cy pomys\u0142 na pobudzanie dzieci\u0119cej wyobra\u017ani i rozw\u00f3j jego sprawno\u015bci manualnej. Wielko\u015b\u0107 magnes\u00f3w jest odpowiednia dla wieku dziecka, a zestawy maj\u0105 ciekaw\u0105 tematyk\u0119 i wiele mo\u017cliwo\u015bci zastosowa\u0144. Wyr\u00f3\u017cnia je wysoka jako\u015b\u0107 materia\u0142\u00f3w i estetyka wykonania.<\/p>\n<p class=\"western\" align=\"justify\" style=\"margin:15px 0px 0cm;padding:0px;color:#333333;line-height:19.5px;font-family:'Open Sans', Arial, sans-serif;font-size:13px;\">\u00a0<\/p>\n<p class=\"western\" align=\"justify\" style=\"margin:15px 0px 0cm;padding:0px;color:#333333;line-height:19.5px;font-family:'Open Sans', Arial, sans-serif;font-size:13px;\">Zabawka rozwija:<\/p>\n<p class=\"western\" align=\"justify\" style=\"margin:15px 0px 0cm;padding:0px;color:#333333;line-height:19.5px;font-family:'Open Sans', Arial, sans-serif;font-size:13px;\">\u2022 inteligencj\u0119 emocjonaln\u0105 i wra\u017cliwo\u015b\u0107<\/p>\n<p class=\"western\" align=\"justify\" style=\"margin:15px 0px 0cm;padding:0px;color:#333333;line-height:19.5px;font-family:'Open Sans', Arial, sans-serif;font-size:13px;\">\u2022 wyobra\u017ani\u0119, pomys\u0142owo\u015b\u0107 i kreatywno\u015b\u0107<\/p>\n<p class=\"western\" align=\"justify\" style=\"margin:15px 0px 0cm;padding:0px;color:#333333;line-height:19.5px;font-family:'Open Sans', Arial, sans-serif;font-size:13px;\">\u00a0<\/p>\n<p class=\"western\" align=\"justify\" style=\"margin:15px 0px 0cm;padding:0px;color:#333333;line-height:19.5px;font-family:'Open Sans', Arial, sans-serif;font-size:13px;\">kategoria: zabawki magnetyczne<\/p>\n<p class=\"western\" align=\"justify\" style=\"margin:15px 0px 0cm;padding:0px;color:#333333;line-height:19.5px;font-family:'Open Sans', Arial, sans-serif;font-size:13px;\">indeks: J08038<\/p>\n<p class=\"western\" align=\"justify\" style=\"margin:15px 0px 0cm;padding:0px;color:#333333;line-height:19.5px;font-family:'Open Sans', Arial, sans-serif;font-size:13px;\">producent: Janod<\/p>\n<p class=\"western\" align=\"justify\" style=\"margin:15px 0px 0cm;padding:0px;color:#333333;line-height:19.5px;font-family:'Open Sans', Arial, sans-serif;font-size:13px;\">wiek: 2-5 lat<\/p>\n<p class=\"western\" align=\"justify\" style=\"margin:15px 0px 0cm;padding:0px;color:#333333;line-height:19.5px;font-family:'Open Sans', Arial, sans-serif;font-size:13px;\">liczba element\u00f3w: 20 plansz + 27 magnes\u00f3w<\/p>\n<p class=\"western\" align=\"justify\" style=\"margin:15px 0px 0cm;padding:0px;color:#333333;line-height:19.5px;font-family:'Open Sans', Arial, sans-serif;font-size:13px;\">materia\u0142: drewno, karton<\/p>\n<p class=\"western\" align=\"justify\" style=\"margin:15px 0px 0cm;padding:0px;color:#333333;line-height:19.5px;font-family:'Open Sans', Arial, sans-serif;font-size:13px;\">design: Francja<\/p>\n<p class=\"western\" align=\"justify\" style=\"margin:15px 0px 0cm;padding:0px;color:#333333;line-height:19.5px;font-family:'Open Sans', Arial, sans-serif;font-size:13px;\">wymiary produktu: 32 x 4 x 32 cm<\/p>\n<p class=\"western\" align=\"justify\" style=\"margin:15px 0px 0cm;padding:0px;color:#333333;line-height:19.5px;font-family:'Open Sans', Arial, sans-serif;font-size:13px;\">waga produktu: 1,42 kg<\/p>\n<p class=\"western\" align=\"justify\" style=\"margin:15px 0px 0cm;padding:0px;color:#333333;line-height:19.5px;font-family:'Open Sans', Arial, sans-serif;font-size:13px;\">wymiary opakowania: 32 x 32 x 4 cm<\/p>\n<p class=\"western\" align=\"justify\" style=\"margin:15px 0px 0cm;padding:0px;color:#333333;line-height:19.5px;font-family:'Open Sans', Arial, sans-serif;font-size:13px;\">bezpiecze\u0144stwo i jako\u015b\u0107: EN71-1; EN71-2, EN71-3; REACH<\/p>\n<p class=\"western\" align=\"justify\" style=\"margin:15px 0px 0cm;padding:0px;color:#333333;line-height:19.5px;font-family:'Open Sans', Arial, sans-serif;font-size:13px;\">\u00a0<\/p>\n<p class=\"western\" align=\"justify\" style=\"margin:15px 0px 0cm;padding:0px;color:#333333;line-height:19.5px;font-family:'Open Sans', Arial, sans-serif;font-size:13px;\">Janod od 1970 roku niezmiennie projektuje zabawki, \u0142\u0105cz\u0105ce innowacyjno\u015b\u0107 z francuskim designem i najwy\u017csz\u0105 jako\u015bci\u0105. Unikalne produkty Janod tworzone s\u0105 z drewna i innych solidnych, trwa\u0142ych materia\u0142\u00f3w, a przede wszystkim \u2013 z dzieci\u0119cych marze\u0144! Janod \u2013 JUST PLAY<\/p>\n","protected":false},"excerpt":{"rendered":"<p>Magnetyczna uk\u0142adanka Emocje francuskiej marki JANOD to doskona\u0142a zabawka, rozwijaj\u0105ca wra\u017cliwo\u015b\u0107 i wyobra\u017ani\u0119. W sk\u0142ad zestawu wchodzi 20 dwustronnych kartonowych plansz. Po jednej ich stronie zaprezentowane s\u0105 sytuacje, znane z codziennego \u017cycia, np. burza, wyrzucanie \u015bmieci, wyg\u0142upy z koleg\u0105 czy nieudana babka z piasku, po drugiej za\u015b jest pokazana twarz, obrazuj\u0105ca prze\u017cycia, kt\u00f3re tym sytuacjom [&hellip;]<\/p>\n","protected":false},"featured_media":21850,"comment_status":"open","ping_status":"closed","template":"","meta":[],"product_cat":[27,28,20,21],"product_tag":[],"class_list":{"0":"post-21852","1":"product","2":"type-product","3":"status-publish","4":"has-post-thumbnail","6":"product_cat-edukacyjne","7":"product_cat-kreatywne","8":"product_cat-ukladanki-i-gry","9":"product_cat-puzzle-ukladanki-i-gry","11":"first","12":"instock","13":"shipping-taxable","14":"purchasable","15":"product-type-simple"},"_links":{"self":[{"href":"https:\/\/kopia.bawimisie.pl\/index.php\/wp-json\/wp\/v2\/product\/21852","targetHints":{"allow":["GET"]}}],"collection":[{"href":"https:\/\/kopia.bawimisie.pl\/index.php\/wp-json\/wp\/v2\/product"}],"about":[{"href":"https:\/\/kopia.bawimisie.pl\/index.php\/wp-json\/wp\/v2\/types\/product"}],"replies":[{"embeddable":true,"href":"https:\/\/kopia.bawimisie.pl\/index.php\/wp-json\/wp\/v2\/comments?post=21852"}],"wp:featuredmedia":[{"embeddable":true,"href":"https:\/\/kopia.bawimisie.pl\/index.php\/wp-json\/wp\/v2\/media\/21850"}],"wp:attachment":[{"href":"https:\/\/kopia.bawimisie.pl\/index.php\/wp-json\/wp\/v2\/media?parent=21852"}],"wp:term":[{"taxonomy":"product_cat","embeddable":true,"href":"https:\/\/kopia.bawimisie.pl\/index.php\/wp-json\/wp\/v2\/product_cat?post=21852"},{"taxonomy":"product_tag","embeddable":true,"href":"https:\/\/kopia.bawimisie.pl\/index.php\/wp-json\/wp\/v2\/product_tag?post=21852"}],"curies":[{"name":"wp","href":"https:\/\/api.w.org\/{rel}","templated":true}]}}