{"id":21924,"date":"2023-02-24T17:58:25","date_gmt":"2023-02-24T16:58:25","guid":{"rendered":"https:\/\/kopia.bawimisie.pl\/index.php\/produkt\/drewniany-garaz-pietrowy-z-4-akcesoriami-bolid-2-janod\/"},"modified":"2023-02-24T17:58:25","modified_gmt":"2023-02-24T16:58:25","slug":"drewniany-garaz-pietrowy-z-4-akcesoriami-bolid-2-janod","status":"publish","type":"product","link":"https:\/\/kopia.bawimisie.pl\/index.php\/produkt\/drewniany-garaz-pietrowy-z-4-akcesoriami-bolid-2-janod\/","title":{"rendered":"JANOD Drewniany gara\u017c pi\u0119trowy z 4 akcesoriami Bolid 2+, Janod"},"content":{"rendered":"<p style=\"margin:15px 0px;padding:0px;color:#333333;line-height:normal;font-family:'Open Sans', Arial, sans-serif;font-size:13px;\">Drewniany pi\u0119trowy gara\u017c z serii Bolid francuskiej marki JANOD to idealny prezent dla ka\u017cdego dziecka. Komplet sk\u0142ada si\u0119 z kilkupoziomowego (3 kondygnacje!) gara\u017cu wraz z akcesoriami: 3 autami i helikopterem. Na najni\u017cszym pi\u0119trze znajduj\u0105 si\u0119 trzy boxy, otwierane do\u0142\u0105czonymi do zestawu plastikowymi kluczykami o r\u00f3\u017cnych kszta\u0142tach geometrycznych (funkcja sortera). Budynek posiada dwa podjazdy, mechaniczn\u0105 wind\u0119 (na ko\u0142o z\u0119bate) oraz l\u0105dowisko dla helikopter\u00f3w. Zestaw pozwala na tworzenie wielu scenariuszy zabaw.<br style=\"margin:0px;padding:0px;\" \/>Zabawka zosta\u0142a zaprojektowana we Francji. Idealnie nadaje si\u0119 na prezent.<\/p>\n<p style=\"margin:15px 0px;padding:0px;color:#333333;line-height:normal;font-family:'Open Sans', Arial, sans-serif;font-size:13px;\">Seria Bolid to kolekcja drewnianych pojazd\u00f3w, przeznaczonych dla maluch\u00f3w powy\u017cej 2. roku \u017cycia, charakteryzuj\u0105ca si\u0119 ob\u0142ymi kszta\u0142tami, gumowymi wyko\u0144czeniami i stonowan\u0105 kolorystyk\u0105. Wyb\u00f3r rodzaj\u00f3w pojazd\u00f3w oraz do\u0142\u0105czonych do nich postaci pozwala na odtwarzanie sytuacji znanych z \u017cycia oraz tworzenia w\u0142asnych, niepowtarzalnych, pobudzaj\u0105cych wyobra\u017ani\u0119 historii.<\/p>\n<p style=\"margin:15px 0px;padding:0px;color:#333333;line-height:normal;font-family:'Open Sans', Arial, sans-serif;font-size:13px;\">Drewniane zabawki wp\u0142ywaj\u0105 pozytywnie na wszechstronny rozw\u00f3j dziecka. Rozwijaj\u0105 kreatywne my\u015blenie. Zestawy \u0107wicz\u0105 ma\u0142e r\u0105czki i pomagaj\u0105 w rozwoju zdolno\u015bci manualnych. Kontakt z drewnianymi zabawkami daje du\u017co rado\u015bci i rozwija poczucie estetyki u dziecka.<\/p>\n<p style=\"margin:15px 0px;padding:0px;color:#333333;line-height:normal;font-family:'Open Sans', Arial, sans-serif;font-size:13px;\">Zabawka rozwija:<br style=\"margin:0px;padding:0px;\" \/>\u2022 ma\u0142\u0105 motoryk\u0119<br style=\"margin:0px;padding:0px;\" \/>\u2022 koordynacj\u0119 r\u0119ka-oko<br style=\"margin:0px;padding:0px;\" \/>\u2022 dostrzeganie zwi\u0105zk\u00f3w przyczynowo-skutkowych<br style=\"margin:0px;padding:0px;\" \/>\u2022 kreatywno\u015b\u0107 i wyobra\u017ani\u0119<\/p>\n<p style=\"margin:15px 0px;padding:0px;color:#333333;line-height:normal;font-family:'Open Sans', Arial, sans-serif;font-size:13px;\">kategoria: pojazdy<br style=\"margin:0px;padding:0px;\" \/>seria: Bolid<br style=\"margin:0px;padding:0px;\" \/>indeks: J04636<br style=\"margin:0px;padding:0px;\" \/>producent: Janod<br style=\"margin:0px;padding:0px;\" \/>wiek: 2 lata +<br style=\"margin:0px;padding:0px;\" \/>liczba element\u00f3w: 1 gara\u017c + 6 element\u00f3w toru + 3 pojazdy + helikopter + 3 kluczyki<br style=\"margin:0px;padding:0px;\" \/>materia\u0142: drewno FSC, plastik<br style=\"margin:0px;padding:0px;\" \/>design: Francja<br style=\"margin:0px;padding:0px;\" \/>wymiary produktu: 92 x 32 x 30,5 cm<br style=\"margin:0px;padding:0px;\" \/>waga produktu: 2,20 kg<br style=\"margin:0px;padding:0px;\" \/>wymiary opakowania: 43 x 10 x 40 cm<br style=\"margin:0px;padding:0px;\" \/>bezpiecze\u0144stwo i jako\u015b\u0107: EN71-1; EN71-2, EN71-3; REACH<\/p>\n<p style=\"margin:15px 0px;padding:0px;color:#333333;line-height:normal;font-family:'Open Sans', Arial, sans-serif;font-size:13px;\">Janod od 1970 roku niezmiennie projektuje zabawki, \u0142\u0105cz\u0105ce innowacyjno\u015b\u0107 z francuskim designem i najwy\u017csz\u0105 jako\u015bci\u0105. Unikalne produkty Janod tworzone s\u0105 z drewna i innych solidnych, trwa\u0142ych materia\u0142\u00f3w, a przede wszystkim \u2013 z dzieci\u0119cych marze\u0144!<br style=\"margin:0px;padding:0px;\" \/>Janod \u2013 PLAY DIFFERENT<\/p>\n","protected":false},"excerpt":{"rendered":"<p>Drewniany pi\u0119trowy gara\u017c z serii Bolid francuskiej marki JANOD to idealny prezent dla ka\u017cdego dziecka. Komplet sk\u0142ada si\u0119 z kilkupoziomowego (3 kondygnacje!) gara\u017cu wraz z akcesoriami: 3 autami i helikopterem. Na najni\u017cszym pi\u0119trze znajduj\u0105 si\u0119 trzy boxy, otwierane do\u0142\u0105czonymi do zestawu plastikowymi kluczykami o r\u00f3\u017cnych kszta\u0142tach geometrycznych (funkcja sortera). Budynek posiada dwa podjazdy, mechaniczn\u0105 wind\u0119 [&hellip;]<\/p>\n","protected":false},"featured_media":21922,"comment_status":"open","ping_status":"closed","template":"","meta":[],"product_cat":[27,29,28,52],"product_tag":[],"class_list":{"0":"post-21924","1":"product","2":"type-product","3":"status-publish","4":"has-post-thumbnail","6":"product_cat-edukacyjne","7":"product_cat-kolejki-i-pojazdy","8":"product_cat-kreatywne","9":"product_cat-klocki","11":"first","12":"instock","13":"shipping-taxable","14":"purchasable","15":"product-type-simple"},"_links":{"self":[{"href":"https:\/\/kopia.bawimisie.pl\/index.php\/wp-json\/wp\/v2\/product\/21924","targetHints":{"allow":["GET"]}}],"collection":[{"href":"https:\/\/kopia.bawimisie.pl\/index.php\/wp-json\/wp\/v2\/product"}],"about":[{"href":"https:\/\/kopia.bawimisie.pl\/index.php\/wp-json\/wp\/v2\/types\/product"}],"replies":[{"embeddable":true,"href":"https:\/\/kopia.bawimisie.pl\/index.php\/wp-json\/wp\/v2\/comments?post=21924"}],"wp:featuredmedia":[{"embeddable":true,"href":"https:\/\/kopia.bawimisie.pl\/index.php\/wp-json\/wp\/v2\/media\/21922"}],"wp:attachment":[{"href":"https:\/\/kopia.bawimisie.pl\/index.php\/wp-json\/wp\/v2\/media?parent=21924"}],"wp:term":[{"taxonomy":"product_cat","embeddable":true,"href":"https:\/\/kopia.bawimisie.pl\/index.php\/wp-json\/wp\/v2\/product_cat?post=21924"},{"taxonomy":"product_tag","embeddable":true,"href":"https:\/\/kopia.bawimisie.pl\/index.php\/wp-json\/wp\/v2\/product_tag?post=21924"}],"curies":[{"name":"wp","href":"https:\/\/api.w.org\/{rel}","templated":true}]}}