{"id":22256,"date":"2023-02-27T17:15:43","date_gmt":"2023-02-27T16:15:43","guid":{"rendered":"https:\/\/kopia.bawimisie.pl\/index.php\/produkt\/djeco-puzzle-teczowy-autobus-16-eldj07272-2\/"},"modified":"2023-02-27T17:15:43","modified_gmt":"2023-02-27T16:15:43","slug":"djeco-puzzle-teczowy-autobus-16-eldj07272-2","status":"publish","type":"product","link":"https:\/\/kopia.bawimisie.pl\/index.php\/produkt\/djeco-puzzle-teczowy-autobus-16-eldj07272-2\/","title":{"rendered":"Djeco Puzzle T\u0118CZOWY AUTOBUS 16 el.DJ07272"},"content":{"rendered":"<p style=\"margin:1em 0px;padding:0px;border:0px;font-size:18px;background:rgba(255,255,255,.92);color:#111111;font-family:Atma;\">T\u0119czowy autobus zrobi sobie przerw\u0119 na \u0142\u0105ce i zapraszam pasa\u017cer\u00f3w na koncert tysi\u0105ca kolor\u00f3w. Wyj\u0105tkowe puzzle od 3 lat sk\u0142adaj\u0105ce si\u0119 z 16 element\u00f3w, zapakowane w uroczym pude\u0142ku w kszta\u0142cie autobusu w kwiatki.<br \/>Wiek +3 lata<br \/>Wymiary puzzli po u\u0142o\u017ceniu: 25 x 25 cm<br \/>Wymiary opakowania: 23,5 x12,5 x 5,5 cm<\/p>\n<p style=\"margin:1em 0px;padding:0px;border:0px;font-size:18px;background:rgba(255,255,255,.92);color:#111111;font-family:Atma;\">Papier z certyfikatem FSC<\/p>\n","protected":false},"excerpt":{"rendered":"<p>T\u0119czowy autobus zrobi sobie przerw\u0119 na \u0142\u0105ce i zapraszam pasa\u017cer\u00f3w na koncert tysi\u0105ca kolor\u00f3w. Wyj\u0105tkowe puzzle od 3 lat sk\u0142adaj\u0105ce si\u0119 z 16 element\u00f3w, zapakowane w uroczym pude\u0142ku w kszta\u0142cie autobusu w kwiatki.Wiek +3 lataWymiary puzzli po u\u0142o\u017ceniu: 25 x 25 cmWymiary opakowania: 23,5 x12,5 x 5,5 cm Papier z certyfikatem FSC<\/p>\n","protected":false},"featured_media":22252,"comment_status":"open","ping_status":"closed","template":"","meta":[],"product_cat":[20,21],"product_tag":[],"class_list":{"0":"post-22256","1":"product","2":"type-product","3":"status-publish","4":"has-post-thumbnail","6":"product_cat-ukladanki-i-gry","7":"product_cat-puzzle-ukladanki-i-gry","9":"first","10":"instock","11":"shipping-taxable","12":"purchasable","13":"product-type-simple"},"_links":{"self":[{"href":"https:\/\/kopia.bawimisie.pl\/index.php\/wp-json\/wp\/v2\/product\/22256","targetHints":{"allow":["GET"]}}],"collection":[{"href":"https:\/\/kopia.bawimisie.pl\/index.php\/wp-json\/wp\/v2\/product"}],"about":[{"href":"https:\/\/kopia.bawimisie.pl\/index.php\/wp-json\/wp\/v2\/types\/product"}],"replies":[{"embeddable":true,"href":"https:\/\/kopia.bawimisie.pl\/index.php\/wp-json\/wp\/v2\/comments?post=22256"}],"wp:featuredmedia":[{"embeddable":true,"href":"https:\/\/kopia.bawimisie.pl\/index.php\/wp-json\/wp\/v2\/media\/22252"}],"wp:attachment":[{"href":"https:\/\/kopia.bawimisie.pl\/index.php\/wp-json\/wp\/v2\/media?parent=22256"}],"wp:term":[{"taxonomy":"product_cat","embeddable":true,"href":"https:\/\/kopia.bawimisie.pl\/index.php\/wp-json\/wp\/v2\/product_cat?post=22256"},{"taxonomy":"product_tag","embeddable":true,"href":"https:\/\/kopia.bawimisie.pl\/index.php\/wp-json\/wp\/v2\/product_tag?post=22256"}],"curies":[{"name":"wp","href":"https:\/\/api.w.org\/{rel}","templated":true}]}}