{"id":23132,"date":"2023-04-06T17:53:26","date_gmt":"2023-04-06T15:53:26","guid":{"rendered":"https:\/\/kopia.bawimisie.pl\/index.php\/produkt\/naturalny-babelkowy-plyn-do-kapieli-guma-balonowa-0\/"},"modified":"2023-04-06T17:53:26","modified_gmt":"2023-04-06T15:53:26","slug":"naturalny-babelkowy-plyn-do-kapieli-guma-balonowa-0","status":"publish","type":"product","link":"https:\/\/kopia.bawimisie.pl\/index.php\/produkt\/naturalny-babelkowy-plyn-do-kapieli-guma-balonowa-0\/","title":{"rendered":"MINIU NATURALNY B\u0104BELKOWY P\u0141YN DO K\u0104PIELI GUMA BALONOWA 0+"},"content":{"rendered":"<p style=\"margin:15px 0px;padding:0px;color:#333333;line-height:normal;font-family:Dosis, Arial, sans-serif;font-size:13px;\"><strong style=\"margin:0px;padding:0px;\">B\u0105belkowa rado\u015b\u0107 p\u0142yn\u0105ca z natury &#8211; zamie\u0144 \u0142azienk\u0119 w kolorow\u0105 krain\u0119<\/strong>\u00a0<\/p>\n<p style=\"margin:15px 0px;padding:0px;color:#333333;line-height:normal;font-family:Dosis, Arial, sans-serif;font-size:13px;\">B\u0105belkowy p\u0142yn do k\u0105pieli Mini U dla dzieci i niemowl\u0105t zmienia kolor wody na niebieski i nadaje mn\u00f3stwo b\u0105belk\u00f3w. Ogromn\u0105 frajd\u0119 da najm\u0142odszym piana, przypominaj\u0105ca puszyste chmurki i\u00a0<strong style=\"margin:0px;padding:0px;\">niezwyk\u0142y zapach malinowej gumy balonowej<\/strong>, a do tego wykonany jest z naturalnych i ultradelikatnych dla sk\u00f3ry sk\u0142adnik\u00f3w. Z tym produktem ju\u017c \u017cadna k\u0105piel nie b\u0119dzie nudna, a wanna zamieni si\u0119 w miejsce doskona\u0142ej zabawy!\u00a0<\/p>\n<p style=\"margin:15px 0px;padding:0px;color:#333333;line-height:normal;font-family:Dosis, Arial, sans-serif;font-size:13px;\">Delikatne ekstrakty tworz\u0105ce pian\u0119 nie wysuszaj\u0105 sk\u00f3ry dziecka wi\u0119c bez obaw mo\u017cecie go stosowa\u0107 do codziennej piel\u0119gnacji. G\u0119sta konsystencja produktu zapewni Wam wiele k\u0105pielowych harcy.<\/p>\n<p style=\"margin:15px 0px;padding:0px;color:#333333;line-height:normal;font-family:Dosis, Arial, sans-serif;font-size:13px;\"><strong style=\"margin:0px;padding:0px;\">P\u0142yn dla dzieci i niemowl\u0105t<\/strong><\/p>\n<ul style=\"margin:15px 0px;padding:0px 0px 0px 40px;color:#333333;line-height:normal;font-family:Dosis, Arial, sans-serif;font-size:13px;\">\n<li style=\"margin:0px;padding:0px;\">zmienia kolor wody na niebieski<\/li>\n<li style=\"margin:0px;padding:0px;\">nadaje wodzie piany i b\u0105belk\u00f3w<\/li>\n<li style=\"margin:0px;padding:0px;\">nawil\u017ca sk\u00f3r\u0119 dziecka<\/li>\n<li style=\"margin:0px;padding:0px;\">zapach malinowej gumy balonowej<\/li>\n<li style=\"margin:0px;padding:0px;\">nie barwi sk\u00f3ry ani wanny<\/li>\n<\/ul>\n<p style=\"margin:15px 0px;padding:0px;color:#333333;line-height:normal;font-family:Dosis, Arial, sans-serif;font-size:13px;\"><strong style=\"margin:0px;padding:0px;\">\u0141agodna konsystencja i bezpiecze\u0144stwo wyboru<\/strong>\u00a0<\/p>\n<p style=\"margin:15px 0px;padding:0px;color:#333333;line-height:normal;font-family:Dosis, Arial, sans-serif;font-size:13px;\">Jest to naturalna propozycja do codziennej piel\u0119gnacji, kt\u00f3ra nawil\u017ca i sprawia ogromn\u0105 frajd\u0119 maluchom. Delikatna formu\u0142a i zawarty w nim aloes g\u0142\u0119boko nawil\u017caj\u0105 sk\u00f3r\u0119, utrzymuj\u0105c j\u0105 w dobrej kondycji.<\/p>\n<p style=\"margin:15px 0px;padding:0px;color:#333333;line-height:normal;font-family:Dosis, Arial, sans-serif;font-size:13px;\">B\u0105belkowy p\u0142yn do k\u0105pieli dla dzieci i niemowl\u0105t nie powoduje podra\u017cnie\u0144 i jest odpowiedni dla wra\u017cliwej sk\u00f3ry dzieci.<\/p>\n<p style=\"margin:15px 0px;padding:0px;color:#333333;line-height:normal;font-family:Dosis, Arial, sans-serif;font-size:13px;\">\u00a0<\/p>\n<p style=\"margin:15px 0px;padding:0px;color:#333333;line-height:normal;font-family:Dosis, Arial, sans-serif;font-size:13px;\"><strong style=\"margin:0px;padding:0px;\">Sk\u0142ad:\u00a0<\/strong><\/p>\n<p style=\"margin:15px 0px;padding:0px;color:#333333;line-height:normal;font-family:Dosis, Arial, sans-serif;font-size:13px;\">Aqua, Cocamidopropyl Betaine, Lauryl Glucoside, Glycerin, Sodium Cocoamphoacetate, Sodium Lauroyl Methyl Isethionate, Sodium Chloride, Polysorbate 20, Parfum (Fragrance), Sodium Benzoate, Potassium Sorbate, Sodium Gluconate, Aloe Barbadensis Leaf Juice Powder, Alpha-isomethyl Ionone, CI 42090 (Blue 1)<\/p>\n","protected":false},"excerpt":{"rendered":"<p>B\u0105belkowa rado\u015b\u0107 p\u0142yn\u0105ca z natury &#8211; zamie\u0144 \u0142azienk\u0119 w kolorow\u0105 krain\u0119\u00a0 B\u0105belkowy p\u0142yn do k\u0105pieli Mini U dla dzieci i niemowl\u0105t zmienia kolor wody na niebieski i nadaje mn\u00f3stwo b\u0105belk\u00f3w. Ogromn\u0105 frajd\u0119 da najm\u0142odszym piana, przypominaj\u0105ca puszyste chmurki i\u00a0niezwyk\u0142y zapach malinowej gumy balonowej, a do tego wykonany jest z naturalnych i ultradelikatnych dla sk\u00f3ry sk\u0142adnik\u00f3w. [&hellip;]<\/p>\n","protected":false},"featured_media":23130,"comment_status":"open","ping_status":"closed","template":"","meta":[],"product_cat":[55],"product_tag":[],"class_list":{"0":"post-23132","1":"product","2":"type-product","3":"status-publish","4":"has-post-thumbnail","6":"product_cat-do-kapieli","8":"first","9":"instock","10":"shipping-taxable","11":"purchasable","12":"product-type-simple"},"_links":{"self":[{"href":"https:\/\/kopia.bawimisie.pl\/index.php\/wp-json\/wp\/v2\/product\/23132","targetHints":{"allow":["GET"]}}],"collection":[{"href":"https:\/\/kopia.bawimisie.pl\/index.php\/wp-json\/wp\/v2\/product"}],"about":[{"href":"https:\/\/kopia.bawimisie.pl\/index.php\/wp-json\/wp\/v2\/types\/product"}],"replies":[{"embeddable":true,"href":"https:\/\/kopia.bawimisie.pl\/index.php\/wp-json\/wp\/v2\/comments?post=23132"}],"wp:featuredmedia":[{"embeddable":true,"href":"https:\/\/kopia.bawimisie.pl\/index.php\/wp-json\/wp\/v2\/media\/23130"}],"wp:attachment":[{"href":"https:\/\/kopia.bawimisie.pl\/index.php\/wp-json\/wp\/v2\/media?parent=23132"}],"wp:term":[{"taxonomy":"product_cat","embeddable":true,"href":"https:\/\/kopia.bawimisie.pl\/index.php\/wp-json\/wp\/v2\/product_cat?post=23132"},{"taxonomy":"product_tag","embeddable":true,"href":"https:\/\/kopia.bawimisie.pl\/index.php\/wp-json\/wp\/v2\/product_tag?post=23132"}],"curies":[{"name":"wp","href":"https:\/\/api.w.org\/{rel}","templated":true}]}}