{"id":23173,"date":"2023-04-12T12:12:52","date_gmt":"2023-04-12T10:12:52","guid":{"rendered":"https:\/\/kopia.bawimisie.pl\/index.php\/produkt\/szablony-do-odrysowania-zwierzatka-dj08820-2\/"},"modified":"2023-04-12T12:12:52","modified_gmt":"2023-04-12T10:12:52","slug":"szablony-do-odrysowania-zwierzatka-dj08820-2","status":"publish","type":"product","link":"https:\/\/kopia.bawimisie.pl\/index.php\/produkt\/szablony-do-odrysowania-zwierzatka-dj08820-2\/","title":{"rendered":"DJECO Szablony do odrysowania ZWIERZ\u0104TKA SZABLONY DO ODRYSOWANIA ZWIERZ\u0104TKA DJ08820"},"content":{"rendered":"","protected":false},"excerpt":{"rendered":"<p style=\"margin:1em 0px;padding:0px;border:0px;font-size:18px;background:rgba(255,255,255,.92);color:#111111;font-family:Atma;\">Pe\u0142ne uroku szablony, kt\u00f3re w niezwykle prosty spos\u00f3b mog\u0105 zosta\u0107 przeniesione na papier. Wystarczy obrysowa\u0107 je po konturze, pokolorowa\u0107 i gotowe. Znakomita nauka rysowania dla najm\u0142odszych dzieci.<\/p>\n<p style=\"margin:1em 0px;padding:0px;border:0px;font-size:18px;background:rgba(255,255,255,.92);color:#111111;font-family:Atma;\">Wiek 4-7 lat<\/p>\n<p style=\"margin:1em 0px;padding:0px;border:0px;font-size:18px;background:rgba(255,255,255,.92);color:#111111;font-family:Atma;\">Wymiary opakowania: 22 x 23 cm<\/p>\n","protected":false},"featured_media":23169,"comment_status":"open","ping_status":"closed","template":"","meta":[],"product_cat":[27,28,26],"product_tag":[],"class_list":{"0":"post-23173","1":"product","2":"type-product","3":"status-publish","4":"has-post-thumbnail","6":"product_cat-edukacyjne","7":"product_cat-kreatywne","8":"product_cat-plastyczne","10":"first","11":"instock","12":"shipping-taxable","13":"purchasable","14":"product-type-simple"},"_links":{"self":[{"href":"https:\/\/kopia.bawimisie.pl\/index.php\/wp-json\/wp\/v2\/product\/23173","targetHints":{"allow":["GET"]}}],"collection":[{"href":"https:\/\/kopia.bawimisie.pl\/index.php\/wp-json\/wp\/v2\/product"}],"about":[{"href":"https:\/\/kopia.bawimisie.pl\/index.php\/wp-json\/wp\/v2\/types\/product"}],"replies":[{"embeddable":true,"href":"https:\/\/kopia.bawimisie.pl\/index.php\/wp-json\/wp\/v2\/comments?post=23173"}],"wp:featuredmedia":[{"embeddable":true,"href":"https:\/\/kopia.bawimisie.pl\/index.php\/wp-json\/wp\/v2\/media\/23169"}],"wp:attachment":[{"href":"https:\/\/kopia.bawimisie.pl\/index.php\/wp-json\/wp\/v2\/media?parent=23173"}],"wp:term":[{"taxonomy":"product_cat","embeddable":true,"href":"https:\/\/kopia.bawimisie.pl\/index.php\/wp-json\/wp\/v2\/product_cat?post=23173"},{"taxonomy":"product_tag","embeddable":true,"href":"https:\/\/kopia.bawimisie.pl\/index.php\/wp-json\/wp\/v2\/product_tag?post=23173"}],"curies":[{"name":"wp","href":"https:\/\/api.w.org\/{rel}","templated":true}]}}