{"id":23242,"date":"2023-04-15T12:18:53","date_gmt":"2023-04-15T10:18:53","guid":{"rendered":"https:\/\/kopia.bawimisie.pl\/index.php\/produkt\/sands-ahoy-wiaderko-z-akcesoriami-do-piasku\/"},"modified":"2023-04-15T12:18:53","modified_gmt":"2023-04-15T10:18:53","slug":"sands-ahoy-wiaderko-z-akcesoriami-do-piasku","status":"publish","type":"product","link":"https:\/\/kopia.bawimisie.pl\/index.php\/produkt\/sands-ahoy-wiaderko-z-akcesoriami-do-piasku\/","title":{"rendered":"B. TOYS Sands Ahoy! \u2013 wiaderko z akcesoriami do piasku"},"content":{"rendered":"<p style=\"margin-bottom:1.7em;margin-top:0px;color:#666666;font-family:'PT Sans';font-size:15px;\">W sk\u0142ad zestawu wchodz\u0105:<br \/>\u2013 wiaderko o wysoko\u015bci ok. 20cm, z wygodn\u0105 r\u0105czk\u0105<br \/>(w zale\u017cno\u015bci od wersji wiaderko w kolorze czerwonym lub granatowym)<br \/>\u2013\u00a0sitko<br \/>\u2013\u00a0wiatraczek<br \/>\u2013\u00a03 foremki do piasku \u2013 r\u00f3\u017cne w zale\u017cno\u015bci od zestawu<br \/>\u2013\u00a0grabki i \u0142opatka z ergonomicznymi pochwytami<br \/>\u2013\u00a0ma\u0142a ci\u0119\u017car\u00f3wka-wywrotka \u2013 monster truck w wersji mini<\/p>\n<p style=\"margin-bottom:1.7em;margin-top:0px;color:#666666;font-family:'PT Sans';font-size:15px;\">Uwaga: mo\u017cliwe r\u00f3\u017cnice kolor\u00f3w\/akcesori\u00f3w pomi\u0119dzy poszczeg\u00f3lnymi egzemplarzami zabawki.<\/p>\n<p style=\"margin-bottom:1.7em;margin-top:0px;color:#666666;font-family:'PT Sans';font-size:15px;\">Dla dzieci w wieku od\u00a018 m-cy.<\/p>\n<p align=\"justify\" style=\"margin-bottom:1.7em;margin-top:0px;color:#666666;font-family:'PT Sans';font-size:15px;\">Zabawka zgodna z europejskimi, kanadyjskimi i ameryka\u0144skimi normami bezpiecze\u0144stwa zabawek, w tym regulacjami w zakresie ftalan\u00f3w i BPA.<\/p>\n<p style=\"margin-bottom:1.7em;margin-top:0px;color:#666666;font-family:'PT Sans';font-size:15px;\"><span style=\"font-weight:inherit;font-style:inherit;\">Wymiary zapakowanej zabawki: 25,4cm x 22,2cm x 20,8cm<\/span><\/p>\n<p style=\"margin-bottom:1.7em;margin-top:0px;color:#666666;font-family:'PT Sans';font-size:15px;\">Uwaga: w my\u015bl zasady \u201cB.\u0105d\u017amy EKO\u201d, zestaw wyposa\u017cony przez producenta jedynie w przywieszk\u0119 i przepask\u0119 produktow\u0105, bez innego, dedykowanego opakowania.<\/p>\n<p style=\"margin-bottom:1.7em;margin-top:0px;color:#666666;font-family:'PT Sans';font-size:15px;\"><span style=\"font-weight:inherit;font-style:inherit;\"><b>Zestaw wyr\u00f3\u017cniony kanadyjskim tytu\u0142em \u201cNajlepsze Zabawki na Lato\u201d w roku 2015 (Top Summer Toys of 2015).<\/b><\/span><\/p>\n","protected":false},"excerpt":{"rendered":"<p>W sk\u0142ad zestawu wchodz\u0105:\u2013 wiaderko o wysoko\u015bci ok. 20cm, z wygodn\u0105 r\u0105czk\u0105(w zale\u017cno\u015bci od wersji wiaderko w kolorze czerwonym lub granatowym)\u2013\u00a0sitko\u2013\u00a0wiatraczek\u2013\u00a03 foremki do piasku \u2013 r\u00f3\u017cne w zale\u017cno\u015bci od zestawu\u2013\u00a0grabki i \u0142opatka z ergonomicznymi pochwytami\u2013\u00a0ma\u0142a ci\u0119\u017car\u00f3wka-wywrotka \u2013 monster truck w wersji mini Uwaga: mo\u017cliwe r\u00f3\u017cnice kolor\u00f3w\/akcesori\u00f3w pomi\u0119dzy poszczeg\u00f3lnymi egzemplarzami zabawki. Dla dzieci w wieku od\u00a018 [&hellip;]<\/p>\n","protected":false},"featured_media":23241,"comment_status":"open","ping_status":"closed","template":"","meta":[],"product_cat":[28,32,34,55],"product_tag":[],"class_list":{"0":"post-23242","1":"product","2":"type-product","3":"status-publish","4":"has-post-thumbnail","6":"product_cat-kreatywne","7":"product_cat-odgrywanie-rol","8":"product_cat-podworko-i-plaza","9":"product_cat-do-kapieli","11":"first","12":"instock","13":"shipping-taxable","14":"purchasable","15":"product-type-simple"},"_links":{"self":[{"href":"https:\/\/kopia.bawimisie.pl\/index.php\/wp-json\/wp\/v2\/product\/23242","targetHints":{"allow":["GET"]}}],"collection":[{"href":"https:\/\/kopia.bawimisie.pl\/index.php\/wp-json\/wp\/v2\/product"}],"about":[{"href":"https:\/\/kopia.bawimisie.pl\/index.php\/wp-json\/wp\/v2\/types\/product"}],"replies":[{"embeddable":true,"href":"https:\/\/kopia.bawimisie.pl\/index.php\/wp-json\/wp\/v2\/comments?post=23242"}],"wp:featuredmedia":[{"embeddable":true,"href":"https:\/\/kopia.bawimisie.pl\/index.php\/wp-json\/wp\/v2\/media\/23241"}],"wp:attachment":[{"href":"https:\/\/kopia.bawimisie.pl\/index.php\/wp-json\/wp\/v2\/media?parent=23242"}],"wp:term":[{"taxonomy":"product_cat","embeddable":true,"href":"https:\/\/kopia.bawimisie.pl\/index.php\/wp-json\/wp\/v2\/product_cat?post=23242"},{"taxonomy":"product_tag","embeddable":true,"href":"https:\/\/kopia.bawimisie.pl\/index.php\/wp-json\/wp\/v2\/product_tag?post=23242"}],"curies":[{"name":"wp","href":"https:\/\/api.w.org\/{rel}","templated":true}]}}