{"id":23258,"date":"2023-04-17T13:22:33","date_gmt":"2023-04-17T11:22:33","guid":{"rendered":"https:\/\/kopia.bawimisie.pl\/index.php\/produkt\/jiggly-slime-zloty-perlowy-100g-2\/"},"modified":"2023-04-17T13:22:33","modified_gmt":"2023-04-17T11:22:33","slug":"jiggly-slime-zloty-perlowy-100g-2","status":"publish","type":"product","link":"https:\/\/kopia.bawimisie.pl\/index.php\/produkt\/jiggly-slime-zloty-perlowy-100g-2\/","title":{"rendered":"JIGGLY SLIME \u2013 Z\u0141OTY PER\u0141OWY 100G"},"content":{"rendered":"<p class=\"western\" style=\"margin:0px 0px 10px;padding:5px 0px;border:0px;font-size:15px;line-height:1.45;color:#3d3d3d;font-family:Poppins, sans-serif;\"><span style=\"margin:0px;padding:0px;border:0px;font-weight:bold;font-style:inherit;\">\u00a0JIGGLY SLIME \u2013\u00a0Z\u0141OTY PER\u0141OWY 100G<\/span><\/p>\n<p style=\"margin:0px 0px 10px;padding:5px 0px;border:0px;font-size:15px;line-height:1.45;color:#3d3d3d;font-family:Poppins, sans-serif;\">\u00a0<\/p>\n<p style=\"margin:0px 0px 10px;padding:5px 0px;border:0px;font-size:15px;line-height:1.45;color:#3d3d3d;font-family:Poppins, sans-serif;\"><span style=\"margin:0px;padding:0px;border:0px;font-weight:inherit;font-style:inherit;\">Nasz nowy Jiggly Slime to prawdziwa gratka dla najbardziej wymagaj\u0105cych wielbicieli zabaw popularnym glutkiem.<\/span><br style=\"margin:0px;padding:0px;\" \/><span style=\"margin:0px;padding:0px;border:0px;font-weight:inherit;font-style:inherit;\">Dzi\u0119ki unikalnej recepturze, Jiggly Slime jednocze\u015bnie zabawnie trz\u0119sie si\u0119 jak galareta<\/span><br style=\"margin:0px;padding:0px;\" \/><span style=\"margin:0px;padding:0px;border:0px;font-weight:inherit;font-style:inherit;\">i rozci\u0105ga we wszystkie strony jak guma.<\/span><br style=\"margin:0px;padding:0px;\" \/><span style=\"margin:0px;padding:0px;border:0px;font-weight:inherit;font-style:inherit;\">Nasz nowy Slime a\u017c prosi si\u0119 o to, by godzinami ugniata\u0107 go, przek\u0142ada\u0107 z r\u0119ki do r\u0119ki,<\/span><br style=\"margin:0px;padding:0px;\" \/><span style=\"margin:0px;padding:0px;border:0px;font-weight:inherit;font-style:inherit;\">rozci\u0105ga\u0107 we wszystkie strony czy robi\u0107 z niego ba\u0144ki.<\/span><br style=\"margin:0px;padding:0px;\" \/><span style=\"margin:0px;padding:0px;border:0px;font-weight:inherit;font-style:inherit;\">Nasycone kolory Jiggly Slime, w\u015br\u00f3d kt\u00f3rych znale\u017a\u0107 mo\u017cna nawet przepi\u0119kne, per\u0142owe odcienie,<\/span><br style=\"margin:0px;padding:0px;\" \/><span style=\"margin:0px;padding:0px;border:0px;font-weight:inherit;font-style:inherit;\">zachwycaj\u0105 oko, a apetyczne zapachy,<\/span><br style=\"margin:0px;padding:0px;\" \/><span style=\"margin:0px;padding:0px;border:0px;font-weight:inherit;font-style:inherit;\">jakimi cz\u0119\u015b\u0107 z nich zosta\u0142a obdarzona, w niezwyk\u0142y spos\u00f3b pobudzaj\u0105 zmys\u0142 zapachu.<\/span><br style=\"margin:0px;padding:0px;\" \/><span style=\"margin:0px;padding:0px;border:0px;font-weight:inherit;font-style:inherit;\">Kolekcja Jiggly Slime to a\u017c 10 r\u00f3\u017cnych per\u0142owych kolor\u00f3w i zapach\u00f3w w trzech pojemno\u015bciach.<\/span><\/p>\n<p style=\"margin:0px 0px 10px;padding:5px 0px;border:0px;font-size:15px;line-height:1.45;color:#3d3d3d;font-family:Poppins, sans-serif;\">\u00a0<\/p>\n<p style=\"margin:0px 0px 10px;padding:5px 0px;border:0px;font-size:15px;line-height:1.45;color:#3d3d3d;font-family:Poppins, sans-serif;\"><span style=\"margin:0px;padding:0px;border:0px;font-weight:bold;font-style:inherit;\">Co wyr\u00f3\u017cnia\u00a0<span class=\"caps\" style=\"margin:0px;padding:0px;border:0px;font-weight:inherit;font-style:inherit;\">JIGGLY<\/span>\u00a0<span class=\"caps\" style=\"margin:0px;padding:0px;border:0px;font-weight:inherit;font-style:inherit;\">SLIME<\/span>:<\/span><\/p>\n<p style=\"margin:0px 0px 10px;padding:5px 0px;border:0px;font-size:15px;line-height:1.45;color:#3d3d3d;font-family:Poppins, sans-serif;\"><span style=\"margin:0px;padding:0px;border:0px;font-weight:inherit;font-style:inherit;\">\u2013 wyj\u0105tkowe, owocowe zapachy<\/span><br style=\"margin:0px;padding:0px;\" \/><span style=\"margin:0px;padding:0px;border:0px;font-weight:inherit;font-style:inherit;\">\u2013 pi\u0119kne intensywne kolory<\/span><br style=\"margin:0px;padding:0px;\" \/><span style=\"margin:0px;padding:0px;border:0px;font-weight:inherit;font-style:inherit;\">\u2013 zabawa nimi to \u015bwietne \u0107wiczenie sensoryczne<\/span><br style=\"margin:0px;padding:0px;\" \/><span style=\"margin:0px;padding:0px;border:0px;font-weight:inherit;font-style:inherit;\">\u2013 idealny do slimowych sztuczek<\/span><br style=\"margin:0px;padding:0px;\" \/><span style=\"margin:0px;padding:0px;border:0px;font-weight:inherit;font-style:inherit;\">\u2013 mo\u017cna si\u0119 nimi bawi\u0107 na wiele sposob\u00f3w<\/span><br style=\"margin:0px;padding:0px;\" \/><span style=\"margin:0px;padding:0px;border:0px;font-weight:inherit;font-style:inherit;\">\u2013 zosta\u0142y wyprodukowane w Polsce<\/span><\/p>\n<p style=\"margin:0px 0px 10px;padding:5px 0px;border:0px;font-size:15px;line-height:1.45;color:#3d3d3d;font-family:Poppins, sans-serif;\"><span style=\"margin:0px;padding:0px;border:0px;font-weight:inherit;font-style:inherit;\">\u2013 seria: per\u0142owa<\/span><br style=\"margin:0px;padding:0px;\" \/><span style=\"margin:0px;padding:0px;border:0px;font-weight:inherit;font-style:inherit;\">\u2013 kolor: z\u0142oty per\u0142owy<\/span><br style=\"margin:0px;padding:0px;\" \/><span style=\"margin:0px;padding:0px;border:0px;font-weight:inherit;font-style:inherit;\">\u2013 pojemno\u015b\u0107: 100 G<\/span><\/p>\n<p style=\"margin:0px 0px 10px;padding:5px 0px;border:0px;font-size:15px;line-height:1.45;color:#3d3d3d;font-family:Poppins, sans-serif;\"><span style=\"margin:0px;padding:0px;border:0px;font-weight:bold;font-style:inherit;\">Ostrze\u017cenia:<\/span><br style=\"margin:0px;padding:0px;\" \/><span style=\"margin:0px;padding:0px;border:0px;font-weight:inherit;font-style:inherit;\">Zabawka nieodpowiednia dla dzieci poni\u017cej 3 roku \u017cycia.<\/span><br style=\"margin:0px;padding:0px;\" \/><span style=\"margin:0px;padding:0px;border:0px;font-weight:inherit;font-style:inherit;\">Do u\u017cytku tylko pod nadzorem osoby doros\u0142ej!<\/span><br style=\"margin:0px;padding:0px;\" \/><span style=\"margin:0px;padding:0px;border:0px;font-weight:inherit;font-style:inherit;\">Ryzyko zad\u0142awienia-po\u0142kni\u0119cia.<\/span><br style=\"margin:0px;padding:0px;\" \/><span style=\"margin:0px;padding:0px;border:0px;font-weight:inherit;font-style:inherit;\">W przypadku dostania si\u0119 do oczu p\u0142uka\u0107 15 min. pod bie\u017c\u0105c\u0105, zimn\u0105 wod\u0105.<\/span><br style=\"margin:0px;padding:0px;\" \/><span style=\"margin:0px;padding:0px;border:0px;font-weight:inherit;font-style:inherit;\">Nie nadaje si\u0119 do spo\u017cycia.<\/span><br style=\"margin:0px;padding:0px;\" \/><span style=\"margin:0px;padding:0px;border:0px;font-weight:inherit;font-style:inherit;\">Opakowanie nie jest zabawk\u0105.<\/span><\/p>\n<p style=\"margin:0px;padding:5px 0px;border:0px;font-size:15px;line-height:1.45;color:#3d3d3d;font-family:Poppins, sans-serif;\"><span style=\"margin:0px;padding:0px;border:0px;font-weight:inherit;font-style:inherit;\">\u00a0<\/span><\/p>\n","protected":false},"excerpt":{"rendered":"<p>\u00a0JIGGLY SLIME \u2013\u00a0Z\u0141OTY PER\u0141OWY 100G \u00a0 Nasz nowy Jiggly Slime to prawdziwa gratka dla najbardziej wymagaj\u0105cych wielbicieli zabaw popularnym glutkiem.Dzi\u0119ki unikalnej recepturze, Jiggly Slime jednocze\u015bnie zabawnie trz\u0119sie si\u0119 jak galaretai rozci\u0105ga we wszystkie strony jak guma.Nasz nowy Slime a\u017c prosi si\u0119 o to, by godzinami ugniata\u0107 go, przek\u0142ada\u0107 z r\u0119ki do r\u0119ki,rozci\u0105ga\u0107 we wszystkie strony [&hellip;]<\/p>\n","protected":false},"featured_media":23256,"comment_status":"open","ping_status":"closed","template":"","meta":[],"product_cat":[28,34,26],"product_tag":[],"class_list":{"0":"post-23258","1":"product","2":"type-product","3":"status-publish","4":"has-post-thumbnail","6":"product_cat-kreatywne","7":"product_cat-podworko-i-plaza","8":"product_cat-plastyczne","10":"first","11":"instock","12":"shipping-taxable","13":"purchasable","14":"product-type-simple"},"_links":{"self":[{"href":"https:\/\/kopia.bawimisie.pl\/index.php\/wp-json\/wp\/v2\/product\/23258","targetHints":{"allow":["GET"]}}],"collection":[{"href":"https:\/\/kopia.bawimisie.pl\/index.php\/wp-json\/wp\/v2\/product"}],"about":[{"href":"https:\/\/kopia.bawimisie.pl\/index.php\/wp-json\/wp\/v2\/types\/product"}],"replies":[{"embeddable":true,"href":"https:\/\/kopia.bawimisie.pl\/index.php\/wp-json\/wp\/v2\/comments?post=23258"}],"wp:featuredmedia":[{"embeddable":true,"href":"https:\/\/kopia.bawimisie.pl\/index.php\/wp-json\/wp\/v2\/media\/23256"}],"wp:attachment":[{"href":"https:\/\/kopia.bawimisie.pl\/index.php\/wp-json\/wp\/v2\/media?parent=23258"}],"wp:term":[{"taxonomy":"product_cat","embeddable":true,"href":"https:\/\/kopia.bawimisie.pl\/index.php\/wp-json\/wp\/v2\/product_cat?post=23258"},{"taxonomy":"product_tag","embeddable":true,"href":"https:\/\/kopia.bawimisie.pl\/index.php\/wp-json\/wp\/v2\/product_tag?post=23258"}],"curies":[{"name":"wp","href":"https:\/\/api.w.org\/{rel}","templated":true}]}}